{"id":60,"date":"2021-02-05T03:57:45","date_gmt":"2021-02-05T03:57:45","guid":{"rendered":"https:\/\/innovadoraambiental.com\/?page_id=60"},"modified":"2021-02-06T02:48:54","modified_gmt":"2021-02-06T02:48:54","slug":"acerca-de","status":"publish","type":"page","link":"https:\/\/innovadoraambiental.com\/index.php\/acerca-de\/","title":{"rendered":"Quienes somos"},"content":{"rendered":"<p>Somos un equipo de personas que tiene como objetivo satisfacer las necesidades requeridas por nuestros clientes, realizando un trabajo optimo\u00a0 en cada recolecci\u00f3n de Residuos Peligrosos Biol\u00f3gico Infecciosos, para ello contamos con personal capacitado y apegado a un estricto c\u00f3digo de conducta, siguiendo las normas establecidas y cumpliendo con las necesidades requeridas.<\/p>\n<p>Contamos con el respaldo de nuestros clientes que nos han dado la confianza para colaborar en conjunto brindando resultados satisfactorios que garantizan una estrecha relaci\u00f3n de negocios.<\/p>\n<p><strong>Nuestra Misi\u00f3n:<\/strong><\/p>\n<p>Ser la empresa que logre satisfacer \u00a0las necesidades del cliente, a trav\u00e9s de la adecuada recolecci\u00f3n de RPBI, cuidando siempre del medio ambiente y brindando seguridad en el transporte de sus residuos y cada actividad que realizamos, hasta el destino final.<\/p>\n<p><strong>Nuestra Visi\u00f3n:<\/strong><\/p>\n<p>Ser la empresa que brinda la mejor soluci\u00f3n ambiental al recolectar y llevar a disposici\u00f3n final el proceso de recolecci\u00f3n de RPBI residuos peligrosos, con la mejor atenci\u00f3n y cuidado.<\/p>\n","protected":false},"excerpt":{"rendered":"<p>Somos un equipo de personas que tiene como objetivo satisfacer las necesidades requeridas por nuestros clientes, realizando un trabajo optimo\u00a0 en cada recolecci\u00f3n de Residuos Peligrosos Biol\u00f3gico Infecciosos, para ello contamos con personal capacitado y apegado a un estricto c\u00f3digo de conducta, siguiendo las normas establecidas y cumpliendo con las necesidades requeridas. Contamos con el [&hellip;]<\/p>\n","protected":false},"author":1,"featured_media":0,"parent":0,"menu_order":0,"comment_status":"closed","ping_status":"closed","template":"","meta":{"footnotes":""},"class_list":["post-60","page","type-page","status-publish","hentry"],"_links":{"self":[{"href":"https:\/\/innovadoraambiental.com\/index.php\/wp-json\/wp\/v2\/pages\/60","targetHints":{"allow":["GET"]}}],"collection":[{"href":"https:\/\/innovadoraambiental.com\/index.php\/wp-json\/wp\/v2\/pages"}],"about":[{"href":"https:\/\/innovadoraambiental.com\/index.php\/wp-json\/wp\/v2\/types\/page"}],"author":[{"embeddable":true,"href":"https:\/\/innovadoraambiental.com\/index.php\/wp-json\/wp\/v2\/users\/1"}],"replies":[{"embeddable":true,"href":"https:\/\/innovadoraambiental.com\/index.php\/wp-json\/wp\/v2\/comments?post=60"}],"version-history":[{"count":6,"href":"https:\/\/innovadoraambiental.com\/index.php\/wp-json\/wp\/v2\/pages\/60\/revisions"}],"predecessor-version":[{"id":80,"href":"https:\/\/innovadoraambiental.com\/index.php\/wp-json\/wp\/v2\/pages\/60\/revisions\/80"}],"wp:attachment":[{"href":"https:\/\/innovadoraambiental.com\/index.php\/wp-json\/wp\/v2\/media?parent=60"}],"curies":[{"name":"wp","href":"https:\/\/api.w.org\/{rel}","templated":true}]}}