{"id":127,"date":"2021-02-06T02:51:42","date_gmt":"2021-02-06T02:51:42","guid":{"rendered":"https:\/\/innovadoraambiental.com\/?page_id=127"},"modified":"2021-05-30T19:28:57","modified_gmt":"2021-05-30T19:28:57","slug":"inicio","status":"publish","type":"page","link":"https:\/\/innovadoraambiental.com\/","title":{"rendered":"Inicio"},"content":{"rendered":"<h4 style=\"text-align: center;\">Empresa dedicada a la recolecci\u00f3n de Residuos Peligrosos Biol\u00f3gico Infecciosos<\/h4>\n<h5 style=\"text-align: center;\">Somos profesionales en:<\/h5>\n<h5 style=\"text-align: center;\"><img loading=\"lazy\" decoding=\"async\" class=\"alignnone size-full wp-image-86\" src=\"https:\/\/innovadoraambiental.com\/wp-content\/uploads\/2021\/02\/Imagen1.png\" alt=\"Recoleccion RPBI\" width=\"177\" height=\"200\" \/><img loading=\"lazy\" decoding=\"async\" class=\"alignnone size-full wp-image-132\" src=\"https:\/\/innovadoraambiental.com\/wp-content\/uploads\/2021\/02\/Imagen3.jpg\" alt=\"\" width=\"124\" height=\"210\" \/><\/h5>\n<ul>\n<li>Identificaci\u00f3n<\/li>\n<li>Envasado<\/li>\n<li>Almacenamiento Temporal<\/li>\n<li>Recolecci\u00f3n y transporte externo<\/li>\n<li>Tratamiento<\/li>\n<li>Disposici\u00f3n Final<\/li>\n<\/ul>\n<p><img loading=\"lazy\" decoding=\"async\" class=\"alignnone size-medium wp-image-133\" src=\"https:\/\/innovadoraambiental.com\/wp-content\/uploads\/2021\/02\/Imagen-4-300x164.png\" alt=\"\" width=\"300\" height=\"164\" srcset=\"https:\/\/innovadoraambiental.com\/wp-content\/uploads\/2021\/02\/Imagen-4-300x164.png 300w, https:\/\/innovadoraambiental.com\/wp-content\/uploads\/2021\/02\/Imagen-4.png 357w\" sizes=\"auto, (max-width: 300px) 100vw, 300px\" \/><\/p>\n<h4 style=\"text-align: center;\"><a href=\"https:\/\/innovadoraambiental.com\/index.php\/contacto\/\">Contactanos<\/a><\/h4>\n","protected":false},"excerpt":{"rendered":"<p>Empresa dedicada a la recolecci\u00f3n de Residuos Peligrosos Biol\u00f3gico Infecciosos Somos profesionales en: Identificaci\u00f3n Envasado Almacenamiento Temporal Recolecci\u00f3n y transporte externo Tratamiento Disposici\u00f3n Final Contactanos<\/p>\n","protected":false},"author":1,"featured_media":0,"parent":0,"menu_order":0,"comment_status":"closed","ping_status":"closed","template":"","meta":{"footnotes":""},"class_list":["post-127","page","type-page","status-publish","hentry"],"_links":{"self":[{"href":"https:\/\/innovadoraambiental.com\/index.php\/wp-json\/wp\/v2\/pages\/127","targetHints":{"allow":["GET"]}}],"collection":[{"href":"https:\/\/innovadoraambiental.com\/index.php\/wp-json\/wp\/v2\/pages"}],"about":[{"href":"https:\/\/innovadoraambiental.com\/index.php\/wp-json\/wp\/v2\/types\/page"}],"author":[{"embeddable":true,"href":"https:\/\/innovadoraambiental.com\/index.php\/wp-json\/wp\/v2\/users\/1"}],"replies":[{"embeddable":true,"href":"https:\/\/innovadoraambiental.com\/index.php\/wp-json\/wp\/v2\/comments?post=127"}],"version-history":[{"count":13,"href":"https:\/\/innovadoraambiental.com\/index.php\/wp-json\/wp\/v2\/pages\/127\/revisions"}],"predecessor-version":[{"id":173,"href":"https:\/\/innovadoraambiental.com\/index.php\/wp-json\/wp\/v2\/pages\/127\/revisions\/173"}],"wp:attachment":[{"href":"https:\/\/innovadoraambiental.com\/index.php\/wp-json\/wp\/v2\/media?parent=127"}],"curies":[{"name":"wp","href":"https:\/\/api.w.org\/{rel}","templated":true}]}}