{"id":122,"date":"2021-02-06T02:41:30","date_gmt":"2021-02-06T02:41:30","guid":{"rendered":"https:\/\/innovadoraambiental.com\/?page_id=122"},"modified":"2021-05-30T19:29:31","modified_gmt":"2021-05-30T19:29:31","slug":"contacto","status":"publish","type":"page","link":"https:\/\/innovadoraambiental.com\/index.php\/contacto\/","title":{"rendered":"Contacto"},"content":{"rendered":"<p style=\"text-align: center;\">Tel\u00e9fonos: 5513825492\u00a0 \/\u00a0 5512669761\u00a0 \/ \u00a0 5527267014<\/p>\n<p style=\"text-align: center;\">Correo Electr\u00f3nico:<\/p>\n<p style=\"text-align: center;\"><a href=\"mailto:juan.flores@innovadoraambiental.com\">juan.flores@innovadoraambiental.com<\/a><\/p>\n<p style=\"text-align: center;\"><a href=\"mailto:juan.lopez@innovadoraambiental.com\">juan.lopez@innovadoraambiental.com<\/a><\/p>\n<p style=\"text-align: center;\"><a href=\"mailto:victoria.garcia@innovadoraambiental.com\">victoria.garcia@innovadoraambiental.com<\/a><\/p>\n<p>&nbsp;<\/p>\n<h6 style=\"text-align: center;\">D\u00e9janos un mensaje<\/h6>\n<p style=\"text-align: center;\">\n<div class=\"wpcf7 no-js\" id=\"wpcf7-f153-o1\" lang=\"es-MX\" dir=\"ltr\" data-wpcf7-id=\"153\">\n<div class=\"screen-reader-response\"><p role=\"status\" aria-live=\"polite\" aria-atomic=\"true\"><\/p> <ul><\/ul><\/div>\n<form action=\"\/index.php\/wp-json\/wp\/v2\/pages\/122#wpcf7-f153-o1\" method=\"post\" class=\"wpcf7-form init\" aria-label=\"Formulario de contacto\" novalidate=\"novalidate\" data-status=\"init\">\n<fieldset class=\"hidden-fields-container\"><input type=\"hidden\" name=\"_wpcf7\" value=\"153\" \/><input type=\"hidden\" name=\"_wpcf7_version\" value=\"6.1.5\" \/><input type=\"hidden\" name=\"_wpcf7_locale\" value=\"es_MX\" \/><input type=\"hidden\" name=\"_wpcf7_unit_tag\" value=\"wpcf7-f153-o1\" \/><input type=\"hidden\" name=\"_wpcf7_container_post\" value=\"0\" \/><input type=\"hidden\" name=\"_wpcf7_posted_data_hash\" value=\"\" \/>\n<\/fieldset>\n<p><label> Tu nombre<br \/>\n<span class=\"wpcf7-form-control-wrap\" data-name=\"your-name\"><input size=\"40\" maxlength=\"400\" class=\"wpcf7-form-control wpcf7-text wpcf7-validates-as-required\" aria-required=\"true\" aria-invalid=\"false\" value=\"\" type=\"text\" name=\"your-name\" \/><\/span> <\/label>\n<\/p>\n<p><label> Tu correo electr\u00f3nico<br \/>\n<span class=\"wpcf7-form-control-wrap\" data-name=\"your-email\"><input size=\"40\" maxlength=\"400\" class=\"wpcf7-form-control wpcf7-email wpcf7-validates-as-required wpcf7-text wpcf7-validates-as-email\" aria-required=\"true\" aria-invalid=\"false\" value=\"\" type=\"email\" name=\"your-email\" \/><\/span> <\/label>\n<\/p>\n<p><label> Telefono<br \/>\n<span class=\"wpcf7-form-control-wrap\" data-name=\"your-subject\"><input size=\"40\" maxlength=\"400\" class=\"wpcf7-form-control wpcf7-text wpcf7-validates-as-required\" aria-required=\"true\" aria-invalid=\"false\" value=\"\" type=\"text\" name=\"your-subject\" \/><\/span> <\/label>\n<\/p>\n<p><label> Tu mensaje (opcional)<br \/>\n<span class=\"wpcf7-form-control-wrap\" data-name=\"your-message\"><textarea cols=\"40\" rows=\"10\" maxlength=\"2000\" class=\"wpcf7-form-control wpcf7-textarea\" aria-invalid=\"false\" name=\"your-message\"><\/textarea><\/span> <\/label>\n<\/p>\n<p><input class=\"wpcf7-form-control wpcf7-submit has-spinner\" type=\"submit\" value=\"Enviar\" \/>\n<\/p><p style=\"display: none !important;\" class=\"akismet-fields-container\" data-prefix=\"_wpcf7_ak_\"><label>&#916;<textarea name=\"_wpcf7_ak_hp_textarea\" cols=\"45\" rows=\"8\" maxlength=\"100\"><\/textarea><\/label><input type=\"hidden\" id=\"ak_js_1\" name=\"_wpcf7_ak_js\" value=\"60\"\/><script>\ndocument.getElementById( \"ak_js_1\" ).setAttribute( \"value\", ( new Date() ).getTime() );\n<\/script>\n<\/p><div class=\"wpcf7-response-output\" aria-hidden=\"true\"><\/div>\n<\/form>\n<\/div>\n<\/p>\n<p>&nbsp;<\/p>\n<p>&nbsp;<\/p>\n<p>&nbsp;<\/p>\n<p>&nbsp;<\/p>\n<p style=\"text-align: center;\">Direcci\u00f3n: Hacienda del Bosque 3ra Etapa, Mz. 9 Lt.2, Tec\u00e1mac Estado de M\u00e9xico<\/p>\n","protected":false},"excerpt":{"rendered":"<p>Tel\u00e9fonos: 5513825492\u00a0 \/\u00a0 5512669761\u00a0 \/ \u00a0 5527267014 Correo Electr\u00f3nico: juan.flores@innovadoraambiental.com juan.lopez@innovadoraambiental.com victoria.garcia@innovadoraambiental.com &nbsp; D\u00e9janos un mensaje &nbsp; &nbsp; &nbsp; &nbsp; Direcci\u00f3n: Hacienda del Bosque 3ra Etapa, Mz. 9 Lt.2, Tec\u00e1mac Estado de M\u00e9xico<\/p>\n","protected":false},"author":1,"featured_media":0,"parent":0,"menu_order":0,"comment_status":"closed","ping_status":"closed","template":"","meta":{"footnotes":""},"class_list":["post-122","page","type-page","status-publish","hentry"],"_links":{"self":[{"href":"https:\/\/innovadoraambiental.com\/index.php\/wp-json\/wp\/v2\/pages\/122","targetHints":{"allow":["GET"]}}],"collection":[{"href":"https:\/\/innovadoraambiental.com\/index.php\/wp-json\/wp\/v2\/pages"}],"about":[{"href":"https:\/\/innovadoraambiental.com\/index.php\/wp-json\/wp\/v2\/types\/page"}],"author":[{"embeddable":true,"href":"https:\/\/innovadoraambiental.com\/index.php\/wp-json\/wp\/v2\/users\/1"}],"replies":[{"embeddable":true,"href":"https:\/\/innovadoraambiental.com\/index.php\/wp-json\/wp\/v2\/comments?post=122"}],"version-history":[{"count":12,"href":"https:\/\/innovadoraambiental.com\/index.php\/wp-json\/wp\/v2\/pages\/122\/revisions"}],"predecessor-version":[{"id":174,"href":"https:\/\/innovadoraambiental.com\/index.php\/wp-json\/wp\/v2\/pages\/122\/revisions\/174"}],"wp:attachment":[{"href":"https:\/\/innovadoraambiental.com\/index.php\/wp-json\/wp\/v2\/media?parent=122"}],"curies":[{"name":"wp","href":"https:\/\/api.w.org\/{rel}","templated":true}]}}